{"id":46,"date":"2026-02-22T18:53:59","date_gmt":"2026-02-22T18:53:59","guid":{"rendered":"https:\/\/prosthesia.com\/?page_id=46"},"modified":"2026-03-30T21:34:05","modified_gmt":"2026-03-30T21:34:05","slug":"contact","status":"publish","type":"page","link":"https:\/\/prosthesia.com\/en\/contact\/","title":{"rendered":"Contact"},"content":{"rendered":"<style>.kadence-column46_215259-46 > .kt-inside-inner-col,.kadence-column46_215259-46 > .kt-inside-inner-col:before{border-top-left-radius:0px;border-top-right-radius:0px;border-bottom-right-radius:0px;border-bottom-left-radius:0px;}.kadence-column46_215259-46 > .kt-inside-inner-col{column-gap:var(--global-kb-gap-sm, 1rem);}.kadence-column46_215259-46 > .kt-inside-inner-col{flex-direction:column;}.kadence-column46_215259-46 > .kt-inside-inner-col > .aligncenter{width:100%;}.kadence-column46_215259-46 > .kt-inside-inner-col:before{opacity:0.3;}.kadence-column46_215259-46{position:relative;}@media all and (max-width: 1024px){.kadence-column46_215259-46 > .kt-inside-inner-col{flex-direction:column;justify-content:center;}}@media all and (max-width: 767px){.kadence-column46_215259-46 > .kt-inside-inner-col{flex-direction:column;justify-content:center;}}<\/style>\n<div class=\"wp-block-kadence-column kadence-column46_215259-46 pros-page\"><div class=\"kt-inside-inner-col\"><style>.kb-row-layout-id46_b689c1-1a > .kt-row-column-wrap{align-content:center;}:where(.kb-row-layout-id46_b689c1-1a > .kt-row-column-wrap) > .wp-block-kadence-column{justify-content:center;}.kb-row-layout-id46_b689c1-1a > .kt-row-column-wrap{column-gap:var(--global-kb-gap-none, 0rem );row-gap:var(--global-kb-gap-md, 2rem);padding-top:0px;padding-right:0px;padding-bottom:0px;padding-left:0px;grid-template-columns:repeat(2, minmax(0, 1fr));}.kb-row-layout-id46_b689c1-1a > .kt-row-layout-overlay{opacity:0.30;}@media all and (max-width: 1024px){.kb-row-layout-id46_b689c1-1a > .kt-row-column-wrap{grid-template-columns:repeat(2, minmax(0, 1fr));}}@media all and (max-width: 767px){.kb-row-layout-id46_b689c1-1a > .kt-row-column-wrap{grid-template-columns:minmax(0, 1fr);}}<\/style><div class=\"kb-row-layout-wrap kb-row-layout-id46_b689c1-1a alignnone pros-pros-hero wp-block-kadence-rowlayout\"><div class=\"kt-row-column-wrap kt-has-2-columns kt-row-layout-equal kt-tab-layout-inherit kt-mobile-layout-row kt-row-valign-middle\">\n<style>.kadence-column46_a3e34c-d1 > .kt-inside-inner-col,.kadence-column46_a3e34c-d1 > .kt-inside-inner-col:before{border-top-left-radius:0px;border-top-right-radius:0px;border-bottom-right-radius:0px;border-bottom-left-radius:0px;}.kadence-column46_a3e34c-d1 > .kt-inside-inner-col{column-gap:var(--global-kb-gap-sm, 1rem);}.kadence-column46_a3e34c-d1 > .kt-inside-inner-col{flex-direction:column;}.kadence-column46_a3e34c-d1 > .kt-inside-inner-col > .aligncenter{width:100%;}.kadence-column46_a3e34c-d1 > .kt-inside-inner-col:before{opacity:0.3;}.kadence-column46_a3e34c-d1{position:relative;}@media all and (max-width: 1024px){.kadence-column46_a3e34c-d1 > .kt-inside-inner-col{flex-direction:column;justify-content:center;}}@media all and (max-width: 767px){.kadence-column46_a3e34c-d1 > .kt-inside-inner-col{flex-direction:column;justify-content:center;}}<\/style>\n<div class=\"wp-block-kadence-column kadence-column46_a3e34c-d1\"><div class=\"kt-inside-inner-col\"><div class=\"pros-hero-left\">\n        <div class=\"pros-pill\"><span class=\"pros-pill-dot\"><\/span>Contact<\/div><span class=\"pros-title-light\">Contact<\/span><span class=\"pros-title-bold\">Prosthesia<\/span><p class=\"pros-desc\">Collaborateurs, <strong>clinical research<\/strong>, investissement, <strong>partenariat industriel<\/strong> \u2014 toutes les demandes sont les bienvenues.<\/p>\n        <div class=\"pros-contact-list\"><div class=\"pros-contact-item\">\n            <div class=\"pros-contact-icon\"><svg width=\"18\" height=\"18\" viewbox=\"0 0 24 24\" fill=\"none\" stroke=\"#2563eb\" stroke-width=\"1.8\"><path d=\"M4 4h16c1.1 0 2 .9 2 2v12c0 1.1-.9 2-2 2H4c-1.1 0-2-.9-2-2V6c0-1.1.9-2 2-2z\"\/><polyline points=\"22,6 12,13 2,6\"\/><\/svg><\/div>\n            <div>\n                <div class=\"pros-contact-label\">Email<\/div>\n                <a href=\"mailto:contact@prosthesia.com\" class=\"pros-contact-value\">contact@prosthesia.com<\/a>\n            <\/div>\n        <\/div><div class=\"pros-contact-item\">\n            <div class=\"pros-contact-icon\"><svg width=\"18\" height=\"18\" viewbox=\"0 0 24 24\" fill=\"none\" stroke=\"#2563eb\" stroke-width=\"1.8\"><path d=\"M17.657 16.657L13.414 20.9a2 2 0 01-2.827 0l-4.244-4.243a8 8 0 1111.314 0z\"\/><circle cx=\"12\" cy=\"11\" r=\"3\"\/><\/svg><\/div>\n            <div>\n                <div class=\"pros-contact-label\">Location<\/div>\n                <span class=\"pros-contact-value\">Montr\u00e9al, Qu\u00e9bec, Canada<\/span>\n            <\/div>\n        <\/div><div class=\"pros-contact-item\">\n            <div class=\"pros-contact-icon\"><svg width=\"18\" height=\"18\" viewbox=\"0 0 24 24\" fill=\"none\" stroke=\"#2563eb\" stroke-width=\"1.8\"><circle cx=\"12\" cy=\"12\" r=\"10\"\/><line x1=\"2\" y1=\"12\" x2=\"22\" y2=\"12\"\/><path d=\"M12 2a15.3 15.3 0 014 10 15.3 15.3 0 01-4 10 15.3 15.3 0 01-4-10 15.3 15.3 0 014-10z\"\/><\/svg><\/div>\n            <div>\n                <div class=\"pros-contact-label\">Website<\/div>\n                <a href=\"https:\/\/prosthesia.com\/en\/\" class=\"pros-contact-value\" target=\"_blank\">www.prosthesia.com\/<\/a>\n            <\/div>\n        <\/div><div class=\"pros-contact-item\">\n            <div class=\"pros-contact-icon\"><svg width=\"18\" height=\"18\" viewbox=\"0 0 24 24\" fill=\"none\" stroke=\"#2563eb\" stroke-width=\"1.8\"><rect x=\"2\" y=\"2\" width=\"20\" height=\"20\" rx=\"5\"\/><path d=\"M16 8h-2a2 2 0 00-2 2v2m0 4h.01M12 12h.01\"\/><path d=\"M8 12h.01M8 16h.01M12 8h.01\"\/><\/svg><\/div>\n            <div>\n                <div class=\"pros-contact-label\">\u00c9cosyst\u00e8me<\/div>\n                <div class=\"pros-tags\"><span class=\"pros-tag\">Industrie<\/span><span class=\"pros-tag\">Chirurgie<\/span><span class=\"pros-tag\">Recherche<\/span><span class=\"pros-tag\">H\u00f4pitaux<\/span><\/div>\n            <\/div>\n        <\/div><\/div>\n        <div class=\"pros-divider\"><\/div>\n        <div class=\"pros-social\"><a href=\"https:\/\/www.linkedin.com\/in\/soci%C3%A9t%C3%A9-prosthesia-5220153a8\" class=\"pros-social-link\" target=\"_blank\"><svg width=\"16\" height=\"16\" viewbox=\"0 0 24 24\" fill=\"none\" stroke=\"currentColor\" stroke-width=\"1.8\"><path d=\"M16 8a6 6 0 016 6v7h-4v-7a2 2 0 00-2-2 2 2 0 00-2 2v7h-4v-7a6 6 0 016-6z\"\/><rect x=\"2\" y=\"9\" width=\"4\" height=\"12\"\/><circle cx=\"4\" cy=\"4\" r=\"2\"\/><\/svg> Suivez-nous sur LinkedIn<\/a><\/div>\n    <\/div><\/div><\/div>\n\n\n<style>.kadence-column46_d6224c-cf > .kt-inside-inner-col{display:flex;}.kadence-column46_d6224c-cf > .kt-inside-inner-col,.kadence-column46_d6224c-cf > .kt-inside-inner-col:before{border-top-left-radius:0px;border-top-right-radius:0px;border-bottom-right-radius:0px;border-bottom-left-radius:0px;}.kadence-column46_d6224c-cf > .kt-inside-inner-col{column-gap:var(--global-kb-gap-sm, 1rem);}.kadence-column46_d6224c-cf > .kt-inside-inner-col{flex-direction:row;flex-wrap:wrap;align-items:center;justify-content:center;}.kadence-column46_d6224c-cf > .kt-inside-inner-col > *, .kadence-column46_d6224c-cf > .kt-inside-inner-col > figure.wp-block-image, .kadence-column46_d6224c-cf > .kt-inside-inner-col > figure.wp-block-kadence-image{margin-top:0px;margin-bottom:0px;}.kadence-column46_d6224c-cf > .kt-inside-inner-col > .kb-image-is-ratio-size{flex-grow:1;}.kt-row-column-wrap > .kadence-column46_d6224c-cf{align-self:center;}.kt-inner-column-height-full:not(.kt-has-1-columns) > .wp-block-kadence-column.kadence-column46_d6224c-cf{align-self:auto;}.kt-inner-column-height-full:not(.kt-has-1-columns) > .wp-block-kadence-column.kadence-column46_d6224c-cf > .kt-inside-inner-col{align-items:center;}.kadence-column46_d6224c-cf > .kt-inside-inner-col:before{opacity:0.3;}.kadence-column46_d6224c-cf{position:relative;}@media all and (max-width: 1024px){.kt-row-column-wrap > .kadence-column46_d6224c-cf{align-self:center;}}@media all and (max-width: 1024px){.kt-inner-column-height-full:not(.kt-has-1-columns) > .wp-block-kadence-column.kadence-column46_d6224c-cf{align-self:auto;}}@media all and (max-width: 1024px){.kt-inner-column-height-full:not(.kt-has-1-columns) > .wp-block-kadence-column.kadence-column46_d6224c-cf > .kt-inside-inner-col{align-items:center;}}@media all and (max-width: 1024px){.kadence-column46_d6224c-cf > .kt-inside-inner-col{flex-direction:row;flex-wrap:wrap;align-items:center;justify-content:center;}}@media all and (min-width: 768px) and (max-width: 1024px){.kadence-column46_d6224c-cf > .kt-inside-inner-col > *, .kadence-column46_d6224c-cf > .kt-inside-inner-col > figure.wp-block-image, .kadence-column46_d6224c-cf > .kt-inside-inner-col > figure.wp-block-kadence-image{margin-top:0px;margin-bottom:0px;}.kadence-column46_d6224c-cf > .kt-inside-inner-col > .kb-image-is-ratio-size{flex-grow:1;}}@media all and (max-width: 767px){.kt-row-column-wrap > .kadence-column46_d6224c-cf{align-self:center;}.kt-inner-column-height-full:not(.kt-has-1-columns) > .wp-block-kadence-column.kadence-column46_d6224c-cf{align-self:auto;}.kt-inner-column-height-full:not(.kt-has-1-columns) > .wp-block-kadence-column.kadence-column46_d6224c-cf > .kt-inside-inner-col{align-items:center;}.kadence-column46_d6224c-cf > .kt-inside-inner-col{flex-direction:row;flex-wrap:wrap;justify-content:flex-start;justify-content:center;}.kadence-column46_d6224c-cf > .kt-inside-inner-col > *, .kadence-column46_d6224c-cf > .kt-inside-inner-col > figure.wp-block-image, .kadence-column46_d6224c-cf > .kt-inside-inner-col > figure.wp-block-kadence-image{margin-top:0px;margin-bottom:0px;}.kadence-column46_d6224c-cf > .kt-inside-inner-col > .kb-image-is-ratio-size{flex-grow:1;}}<\/style>\n<div class=\"wp-block-kadence-column kadence-column46_d6224c-cf kb-section-dir-horizontal\"><div class=\"kt-inside-inner-col\"><div class=\"pros-hero-right\">\n        <div class=\"pros-contact-panel\">\n            <div>\n                <div class=\"pros-panel-title\">Travaillons ensemble<\/div>\n                <p style=\"font-size:14px;font-weight:300;line-height:1.85;color:rgba(255,255,255,0.6);margin:0;\">Que vous soyez investisseur, chirurgien, ing\u00e9nieur ou partenaire industriel, Prosthesia est ouverte \u00e0 toute collaboration visant \u00e0 am\u00e9liorer la vie des patients.<\/p>\n            <\/div>\n            <div class=\"pros-cta-block\">\n                <div class=\"pros-cta-block-title\">\u00c9crire directement<\/div>\n                <p class=\"pros-cta-block-desc\">Notre \u00e9quipe r\u00e9pond sous 48h \u00e0 toute demande de collaboration, partenariat ou investissement.<\/p>\n                <a href=\"mailto:contact@prosthesia.com\" class=\"pros-btn\">contact@prosthesia.com <svg width=\"16\" height=\"16\" viewbox=\"0 0 24 24\" fill=\"none\" stroke=\"currentColor\" stroke-width=\"2.5\"><path d=\"M5 12h14M12 5l7 7-7 7\"\/><\/svg><\/a>\n            <\/div>\n            <div class=\"pros-cta-block\" style=\"background:rgba(255,255,255,0.04);border-color:rgba(255,255,255,0.1);\">\n                <div class=\"pros-cta-block-title\">Suivre Prosthesia<\/div>\n                <p class=\"pros-cta-block-desc\">Actualit\u00e9s, avanc\u00e9es scientifiques et opportunit\u00e9s de collaboration sur LinkedIn.<\/p>\n                <a href=\"https:\/\/www.linkedin.com\/in\/soci%C3%A9t%C3%A9-prosthesia-5220153a8\" class=\"pros-btn\" target=\"_blank\" style=\"background:rgba(255,255,255,0.1);box-shadow:none;border:1px solid rgba(255,255,255,0.2);\"><svg width=\"16\" height=\"16\" viewbox=\"0 0 24 24\" fill=\"none\" stroke=\"currentColor\" stroke-width=\"1.8\"><path d=\"M16 8a6 6 0 016 6v7h-4v-7a2 2 0 00-2-2 2 2 0 00-2 2v7h-4v-7a6 6 0 016-6z\"\/><rect x=\"2\" y=\"9\" width=\"4\" height=\"12\"\/><circle cx=\"4\" cy=\"4\" r=\"2\"\/><\/svg> LinkedIn Prosthesia<\/a>\n            <\/div>\n            <div style=\"display:flex;align-items:center;justify-content:center;gap:8px;padding-top:8px;border-top:1px solid rgba(255,255,255,0.08);\">\n                <svg width=\"18\" height=\"18\" viewbox=\"0 0 24 24\" fill=\"none\" stroke=\"#2563eb\" stroke-width=\"1.8\"><circle cx=\"12\" cy=\"12\" r=\"10\"\/><line x1=\"2\" y1=\"12\" x2=\"22\" y2=\"12\"\/><path d=\"M12 2a15.3 15.3 0 014 10 15.3 15.3 0 01-4 10 15.3 15.3 0 01-4-10 15.3 15.3 0 014-10z\"\/><\/svg>\n                <a href=\"https:\/\/prosthesia.com\/en\/\" target=\"_blank\" style=\"font-size:12px;color:rgba(255,255,255,0.35);text-decoration:none;letter-spacing:0.08em;\">www.prosthesia.com\/<\/a>\n            <\/div>\n        <\/div>\n    <\/div><\/div><\/div>\n\n<\/div><\/div><\/div><\/div>","protected":false},"excerpt":{"rendered":"","protected":false},"author":1,"featured_media":0,"parent":0,"menu_order":0,"comment_status":"closed","ping_status":"closed","template":"","meta":{"footnotes":""},"class_list":["post-46","page","type-page","status-publish","hentry"],"yoast_head":"<!-- This site is optimized with the Yoast SEO plugin v27.2 - https:\/\/yoast.com\/product\/yoast-seo-wordpress\/ -->\n<title>Contact Us \u2014 Prosthesia \u00b7 Montreal, Quebec, Canada<\/title>\n<meta name=\"description\" content=\"Are you a surgeon, investor or industry partner? Collaborate with Prosthesia to co-develop the next generation of intelligent joint prosthetics.\" \/>\n<meta name=\"robots\" content=\"index, follow, max-snippet:-1, max-image-preview:large, max-video-preview:-1\" \/>\n<link rel=\"canonical\" href=\"https:\/\/prosthesia.com\/en\/contact\/\" \/>\n<meta property=\"og:locale\" content=\"en_US\" \/>\n<meta property=\"og:type\" content=\"article\" \/>\n<meta property=\"og:title\" content=\"Contact Us \u2014 Prosthesia \u00b7 Montreal, Quebec, Canada\" \/>\n<meta property=\"og:description\" content=\"Are you a surgeon, investor or industry partner? Collaborate with Prosthesia to co-develop the next generation of intelligent joint prosthetics.\" \/>\n<meta property=\"og:url\" content=\"https:\/\/prosthesia.com\/en\/contact\/\" \/>\n<meta property=\"og:site_name\" content=\"Prosthesia\" \/>\n<meta property=\"article:modified_time\" content=\"2026-03-30T21:34:05+00:00\" \/>\n<meta name=\"twitter:card\" content=\"summary_large_image\" \/>\n<script type=\"application\/ld+json\" class=\"yoast-schema-graph\">{\"@context\":\"https:\/\/schema.org\",\"@graph\":[{\"@type\":\"WebPage\",\"@id\":\"https:\/\/prosthesia.com\/contact\/\",\"url\":\"https:\/\/prosthesia.com\/contact\/\",\"name\":\"Contact Us \u2014 Prosthesia \u00b7 Montreal, Quebec, Canada\",\"isPartOf\":{\"@id\":\"https:\/\/prosthesia.com\/#website\"},\"datePublished\":\"2026-02-22T18:53:59+00:00\",\"dateModified\":\"2026-03-30T21:34:05+00:00\",\"description\":\"Are you a surgeon, investor or industry partner? Collaborate with Prosthesia to co-develop the next generation of intelligent joint prosthetics.\",\"breadcrumb\":{\"@id\":\"https:\/\/prosthesia.com\/contact\/#breadcrumb\"},\"inLanguage\":\"en-CA\",\"potentialAction\":[{\"@type\":\"ReadAction\",\"target\":[\"https:\/\/prosthesia.com\/contact\/\"]}]},{\"@type\":\"BreadcrumbList\",\"@id\":\"https:\/\/prosthesia.com\/contact\/#breadcrumb\",\"itemListElement\":[{\"@type\":\"ListItem\",\"position\":1,\"name\":\"Accueil\",\"item\":\"https:\/\/prosthesia.com\/\"},{\"@type\":\"ListItem\",\"position\":2,\"name\":\"Contact\"}]},{\"@type\":\"WebSite\",\"@id\":\"https:\/\/prosthesia.com\/#website\",\"url\":\"https:\/\/prosthesia.com\/\",\"name\":\"Prosthesia\",\"description\":\"\",\"publisher\":{\"@id\":\"https:\/\/prosthesia.com\/#organization\"},\"potentialAction\":[{\"@type\":\"SearchAction\",\"target\":{\"@type\":\"EntryPoint\",\"urlTemplate\":\"https:\/\/prosthesia.com\/?s={search_term_string}\"},\"query-input\":{\"@type\":\"PropertyValueSpecification\",\"valueRequired\":true,\"valueName\":\"search_term_string\"}}],\"inLanguage\":\"en-CA\"},{\"@type\":\"Organization\",\"@id\":\"https:\/\/prosthesia.com\/#organization\",\"name\":\"Prosthesia\",\"url\":\"https:\/\/prosthesia.com\/\",\"logo\":{\"@type\":\"ImageObject\",\"inLanguage\":\"en-CA\",\"@id\":\"https:\/\/prosthesia.com\/#\/schema\/logo\/image\/\",\"url\":\"https:\/\/prosthesia.com\/wp-content\/uploads\/2026\/02\/ChatGPT-Image-14-fevr.-2026-11_02_32-edited-300x200-2.png\",\"contentUrl\":\"https:\/\/prosthesia.com\/wp-content\/uploads\/2026\/02\/ChatGPT-Image-14-fevr.-2026-11_02_32-edited-300x200-2.png\",\"width\":1024,\"height\":683,\"caption\":\"Prosthesia\"},\"image\":{\"@id\":\"https:\/\/prosthesia.com\/#\/schema\/logo\/image\/\"},\"sameAs\":[\"https:\/\/www.linkedin.com\/in\/socit-prosthesia-5220153a8\"]}]}<\/script>\n<!-- \/ Yoast SEO plugin. -->","yoast_head_json":{"title":"Contact Us \u2014 Prosthesia \u00b7 Montreal, Quebec, Canada","description":"Are you a surgeon, investor or industry partner? Collaborate with Prosthesia to co-develop the next generation of intelligent joint prosthetics.","robots":{"index":"index","follow":"follow","max-snippet":"max-snippet:-1","max-image-preview":"max-image-preview:large","max-video-preview":"max-video-preview:-1"},"canonical":"https:\/\/prosthesia.com\/en\/contact\/","og_locale":"en_US","og_type":"article","og_title":"Contact Us \u2014 Prosthesia \u00b7 Montreal, Quebec, Canada","og_description":"Are you a surgeon, investor or industry partner? Collaborate with Prosthesia to co-develop the next generation of intelligent joint prosthetics.","og_url":"https:\/\/prosthesia.com\/en\/contact\/","og_site_name":"Prosthesia","article_modified_time":"2026-03-30T21:34:05+00:00","twitter_card":"summary_large_image","schema":{"@context":"https:\/\/schema.org","@graph":[{"@type":"WebPage","@id":"https:\/\/prosthesia.com\/contact\/","url":"https:\/\/prosthesia.com\/contact\/","name":"Contact Us \u2014 Prosthesia \u00b7 Montreal, Quebec, Canada","isPartOf":{"@id":"https:\/\/prosthesia.com\/#website"},"datePublished":"2026-02-22T18:53:59+00:00","dateModified":"2026-03-30T21:34:05+00:00","description":"Are you a surgeon, investor or industry partner? Collaborate with Prosthesia to co-develop the next generation of intelligent joint prosthetics.","breadcrumb":{"@id":"https:\/\/prosthesia.com\/contact\/#breadcrumb"},"inLanguage":"en-CA","potentialAction":[{"@type":"ReadAction","target":["https:\/\/prosthesia.com\/contact\/"]}]},{"@type":"BreadcrumbList","@id":"https:\/\/prosthesia.com\/contact\/#breadcrumb","itemListElement":[{"@type":"ListItem","position":1,"name":"Accueil","item":"https:\/\/prosthesia.com\/"},{"@type":"ListItem","position":2,"name":"Contact"}]},{"@type":"WebSite","@id":"https:\/\/prosthesia.com\/#website","url":"https:\/\/prosthesia.com\/","name":"Prosthesia","description":"","publisher":{"@id":"https:\/\/prosthesia.com\/#organization"},"potentialAction":[{"@type":"SearchAction","target":{"@type":"EntryPoint","urlTemplate":"https:\/\/prosthesia.com\/?s={search_term_string}"},"query-input":{"@type":"PropertyValueSpecification","valueRequired":true,"valueName":"search_term_string"}}],"inLanguage":"en-CA"},{"@type":"Organization","@id":"https:\/\/prosthesia.com\/#organization","name":"Prosthesia","url":"https:\/\/prosthesia.com\/","logo":{"@type":"ImageObject","inLanguage":"en-CA","@id":"https:\/\/prosthesia.com\/#\/schema\/logo\/image\/","url":"https:\/\/prosthesia.com\/wp-content\/uploads\/2026\/02\/ChatGPT-Image-14-fevr.-2026-11_02_32-edited-300x200-2.png","contentUrl":"https:\/\/prosthesia.com\/wp-content\/uploads\/2026\/02\/ChatGPT-Image-14-fevr.-2026-11_02_32-edited-300x200-2.png","width":1024,"height":683,"caption":"Prosthesia"},"image":{"@id":"https:\/\/prosthesia.com\/#\/schema\/logo\/image\/"},"sameAs":["https:\/\/www.linkedin.com\/in\/socit-prosthesia-5220153a8"]}]}},"_hostinger_reach_plugin_has_subscription_block":false,"_hostinger_reach_plugin_is_elementor":false,"_links":{"self":[{"href":"https:\/\/prosthesia.com\/en\/wp-json\/wp\/v2\/pages\/46","targetHints":{"allow":["GET"]}}],"collection":[{"href":"https:\/\/prosthesia.com\/en\/wp-json\/wp\/v2\/pages"}],"about":[{"href":"https:\/\/prosthesia.com\/en\/wp-json\/wp\/v2\/types\/page"}],"author":[{"embeddable":true,"href":"https:\/\/prosthesia.com\/en\/wp-json\/wp\/v2\/users\/1"}],"replies":[{"embeddable":true,"href":"https:\/\/prosthesia.com\/en\/wp-json\/wp\/v2\/comments?post=46"}],"version-history":[{"count":6,"href":"https:\/\/prosthesia.com\/en\/wp-json\/wp\/v2\/pages\/46\/revisions"}],"predecessor-version":[{"id":127,"href":"https:\/\/prosthesia.com\/en\/wp-json\/wp\/v2\/pages\/46\/revisions\/127"}],"wp:attachment":[{"href":"https:\/\/prosthesia.com\/en\/wp-json\/wp\/v2\/media?parent=46"}],"curies":[{"name":"wp","href":"https:\/\/api.w.org\/{rel}","templated":true}]}}